{"id":1418,"date":"2024-07-12T05:49:57","date_gmt":"2024-07-12T11:49:57","guid":{"rendered":"https:\/\/grupomarimbamxhg.com\/?page_id=1418"},"modified":"2025-03-26T22:15:14","modified_gmt":"2025-03-27T04:15:14","slug":"trio-romantico","status":"publish","type":"page","link":"https:\/\/grupomarimbamxhg.com\/index.php\/trio-romantico\/","title":{"rendered":"Trio Romantico"},"content":{"rendered":"\t\t<div data-elementor-type=\"wp-page\" data-elementor-id=\"1418\" class=\"elementor elementor-1418\">\n\t\t\t\t<div class=\"elementor-element elementor-element-9a4cad2 e-flex e-con-boxed e-con e-parent\" data-id=\"9a4cad2\" data-element_type=\"container\" data-settings=\"{&quot;background_background&quot;:&quot;classic&quot;}\">\n\t\t\t\t\t<div class=\"e-con-inner\">\n\t\t\t\t<div class=\"elementor-element elementor-element-dd5fc50 elementor-widget elementor-widget-spacer\" data-id=\"dd5fc50\" data-element_type=\"widget\" data-widget_type=\"spacer.default\">\n\t\t\t\t<div class=\"elementor-widget-container\">\n\t\t\t\t\t\t\t<div class=\"elementor-spacer\">\n\t\t\t<div class=\"elementor-spacer-inner\"><\/div>\n\t\t<\/div>\n\t\t\t\t\t\t<\/div>\n\t\t\t\t<\/div>\n\t\t\t\t\t<\/div>\n\t\t\t\t<\/div>\n\t\t<div class=\"elementor-element elementor-element-0960c3b e-con-full e-flex e-con e-child\" data-id=\"0960c3b\" data-element_type=\"container\" data-settings=\"{&quot;background_background&quot;:&quot;classic&quot;}\">\n\t\t\t\t<div class=\"elementor-element elementor-element-ffcac3a elementor-view-default elementor-position-top elementor-mobile-position-top elementor-widget elementor-widget-icon-box\" data-id=\"ffcac3a\" data-element_type=\"widget\" data-widget_type=\"icon-box.default\">\n\t\t\t\t<div class=\"elementor-widget-container\">\n\t\t\t\t\t\t\t<div class=\"elementor-icon-box-wrapper\">\n\n\t\t\t\t\t\t<div class=\"elementor-icon-box-icon\">\n\t\t\t\t<span  class=\"elementor-icon\">\n\t\t\t\t<svg aria-hidden=\"true\" class=\"e-font-icon-svg e-far-grin-wink\" viewBox=\"0 0 496 512\" xmlns=\"http:\/\/www.w3.org\/2000\/svg\"><path d=\"M328 180c-25.69 0-55.88 16.92-59.86 42.12-1.75 11.22 11.5 18.24 19.83 10.84l9.55-8.48c14.81-13.19 46.16-13.19 60.97 0l9.55 8.48c8.48 7.43 21.56.25 19.83-10.84C383.88 196.92 353.69 180 328 180zm-160 60c17.67 0 32-14.33 32-32s-14.33-32-32-32-32 14.33-32 32 14.33 32 32 32zm185.55 64.64c-25.93 8.3-64.4 13.06-105.55 13.06s-79.62-4.75-105.55-13.06c-9.94-3.13-19.4 5.37-17.71 15.34C132.67 367.13 196.06 400 248 400s115.33-32.87 123.26-80.02c1.68-9.89-7.67-18.48-17.71-15.34zM248 8C111.03 8 0 119.03 0 256s111.03 248 248 248 248-111.03 248-248S384.97 8 248 8zm0 448c-110.28 0-200-89.72-200-200S137.72 56 248 56s200 89.72 200 200-89.72 200-200 200z\"><\/path><\/svg>\t\t\t\t<\/span>\n\t\t\t<\/div>\n\t\t\t\n\t\t\t\t\t\t<div class=\"elementor-icon-box-content\">\n\n\t\t\t\t\t\t\t\t\t<h5 class=\"elementor-icon-box-title\">\n\t\t\t\t\t\t<span  >\n\t\t\t\t\t\t\tEXCELENTE CALIDAD\t\t\t\t\t\t<\/span>\n\t\t\t\t\t<\/h5>\n\t\t\t\t\n\t\t\t\t\t\t\t\t\t<p class=\"elementor-icon-box-description\">\n\t\t\t\t\t\t\nNos comprometemos a ofrecer una calidad excepcional en cada aspecto de nuestros servicios.\t\t\t\t\t<\/p>\n\t\t\t\t\n\t\t\t<\/div>\n\t\t\t\n\t\t<\/div>\n\t\t\t\t\t\t<\/div>\n\t\t\t\t<\/div>\n\t\t\t\t<\/div>\n\t\t<div class=\"elementor-element elementor-element-4f6715d e-con-full e-flex e-con e-child\" data-id=\"4f6715d\" data-element_type=\"container\">\n\t\t<div class=\"elementor-element elementor-element-33ca0e1 e-con-full e-flex e-con e-child\" data-id=\"33ca0e1\" data-element_type=\"container\" data-settings=\"{&quot;background_background&quot;:&quot;classic&quot;}\">\n\t\t\t\t<div class=\"elementor-element elementor-element-1e0af0c elementor-view-default elementor-position-top elementor-mobile-position-top elementor-widget elementor-widget-icon-box\" data-id=\"1e0af0c\" data-element_type=\"widget\" data-widget_type=\"icon-box.default\">\n\t\t\t\t<div class=\"elementor-widget-container\">\n\t\t\t\t\t\t\t<div class=\"elementor-icon-box-wrapper\">\n\n\t\t\t\t\t\t<div class=\"elementor-icon-box-icon\">\n\t\t\t\t<a href=\"https:\/\/api.whatsapp.com\/send?phone=+525581475974&#038;text=%C2%A1Hola%20que%20tal%20!%20Quisiera%20Informes%20Sobre%20El%20Norte%C3%B1o%20\" class=\"elementor-icon\" tabindex=\"-1\" aria-label=\"Pago seguro\">\n\t\t\t\t<svg aria-hidden=\"true\" class=\"e-font-icon-svg e-far-money-bill-alt\" viewBox=\"0 0 640 512\" xmlns=\"http:\/\/www.w3.org\/2000\/svg\"><path d=\"M320 144c-53.02 0-96 50.14-96 112 0 61.85 42.98 112 96 112 53 0 96-50.13 96-112 0-61.86-42.98-112-96-112zm40 168c0 4.42-3.58 8-8 8h-64c-4.42 0-8-3.58-8-8v-16c0-4.42 3.58-8 8-8h16v-55.44l-.47.31a7.992 7.992 0 0 1-11.09-2.22l-8.88-13.31a7.992 7.992 0 0 1 2.22-11.09l15.33-10.22a23.99 23.99 0 0 1 13.31-4.03H328c4.42 0 8 3.58 8 8v88h16c4.42 0 8 3.58 8 8v16zM608 64H32C14.33 64 0 78.33 0 96v320c0 17.67 14.33 32 32 32h576c17.67 0 32-14.33 32-32V96c0-17.67-14.33-32-32-32zm-16 272c-35.35 0-64 28.65-64 64H112c0-35.35-28.65-64-64-64V176c35.35 0 64-28.65 64-64h416c0 35.35 28.65 64 64 64v160z\"><\/path><\/svg>\t\t\t\t<\/a>\n\t\t\t<\/div>\n\t\t\t\n\t\t\t\t\t\t<div class=\"elementor-icon-box-content\">\n\n\t\t\t\t\t\t\t\t\t<h5 class=\"elementor-icon-box-title\">\n\t\t\t\t\t\t<a href=\"https:\/\/api.whatsapp.com\/send?phone=+525581475974&#038;text=%C2%A1Hola%20que%20tal%20!%20Quisiera%20Informes%20Sobre%20El%20Norte%C3%B1o%20\" >\n\t\t\t\t\t\t\tPago seguro\t\t\t\t\t\t<\/a>\n\t\t\t\t\t<\/h5>\n\t\t\t\t\n\t\t\t\t\t\t\t\t\t<p class=\"elementor-icon-box-description\">\n\t\t\t\t\t\tRealiza tu contratcion y el pago se realiza al termino de tu evento \t\t\t\t\t<\/p>\n\t\t\t\t\n\t\t\t<\/div>\n\t\t\t\n\t\t<\/div>\n\t\t\t\t\t\t<\/div>\n\t\t\t\t<\/div>\n\t\t\t\t<\/div>\n\t\t\t\t<\/div>\n\t\t<div class=\"elementor-element elementor-element-02e22f7 e-con-full e-flex e-con e-child\" data-id=\"02e22f7\" data-element_type=\"container\" data-settings=\"{&quot;background_background&quot;:&quot;classic&quot;}\">\n\t\t\t\t<div class=\"elementor-element elementor-element-f125db9 elementor-view-default elementor-position-top elementor-mobile-position-top elementor-widget elementor-widget-icon-box\" data-id=\"f125db9\" data-element_type=\"widget\" data-widget_type=\"icon-box.default\">\n\t\t\t\t<div class=\"elementor-widget-container\">\n\t\t\t\t\t\t\t<div class=\"elementor-icon-box-wrapper\">\n\n\t\t\t\t\t\t<div class=\"elementor-icon-box-icon\">\n\t\t\t\t<span  class=\"elementor-icon\">\n\t\t\t\t<svg aria-hidden=\"true\" class=\"e-font-icon-svg e-far-check-circle\" viewBox=\"0 0 512 512\" xmlns=\"http:\/\/www.w3.org\/2000\/svg\"><path d=\"M256 8C119.033 8 8 119.033 8 256s111.033 248 248 248 248-111.033 248-248S392.967 8 256 8zm0 48c110.532 0 200 89.451 200 200 0 110.532-89.451 200-200 200-110.532 0-200-89.451-200-200 0-110.532 89.451-200 200-200m140.204 130.267l-22.536-22.718c-4.667-4.705-12.265-4.736-16.97-.068L215.346 303.697l-59.792-60.277c-4.667-4.705-12.265-4.736-16.97-.069l-22.719 22.536c-4.705 4.667-4.736 12.265-.068 16.971l90.781 91.516c4.667 4.705 12.265 4.736 16.97.068l172.589-171.204c4.704-4.668 4.734-12.266.067-16.971z\"><\/path><\/svg>\t\t\t\t<\/span>\n\t\t\t<\/div>\n\t\t\t\n\t\t\t\t\t\t<div class=\"elementor-icon-box-content\">\n\n\t\t\t\t\t\t\t\t\t<h5 class=\"elementor-icon-box-title\">\n\t\t\t\t\t\t<span  >\n\t\t\t\t\t\t\tAmplio Repertorio\t\t\t\t\t\t<\/span>\n\t\t\t\t\t<\/h5>\n\t\t\t\t\n\t\t\t\t\t\t\t\t\t<p class=\"elementor-icon-box-description\">\n\t\t\t\t\t\tContamos con un excelente amplio repertorio para armonizar cualquier tipo de evento\t\t\t\t\t<\/p>\n\t\t\t\t\n\t\t\t<\/div>\n\t\t\t\n\t\t<\/div>\n\t\t\t\t\t\t<\/div>\n\t\t\t\t<\/div>\n\t\t\t\t<\/div>\n\t\t<div class=\"elementor-element elementor-element-c871a5a e-con-full e-flex e-con e-child\" data-id=\"c871a5a\" data-element_type=\"container\" data-settings=\"{&quot;background_background&quot;:&quot;classic&quot;}\">\n\t\t\t\t<div class=\"elementor-element elementor-element-8f82279 elementor-view-stacked elementor-widget__width-inherit elementor-shape-circle elementor-position-top elementor-mobile-position-top elementor-widget elementor-widget-icon-box\" data-id=\"8f82279\" data-element_type=\"widget\" data-widget_type=\"icon-box.default\">\n\t\t\t\t<div class=\"elementor-widget-container\">\n\t\t\t\t\t\t\t<div class=\"elementor-icon-box-wrapper\">\n\n\t\t\t\t\t\t<div class=\"elementor-icon-box-icon\">\n\t\t\t\t<span  class=\"elementor-icon\">\n\t\t\t\t<svg aria-hidden=\"true\" class=\"e-font-icon-svg e-far-star\" viewBox=\"0 0 576 512\" xmlns=\"http:\/\/www.w3.org\/2000\/svg\"><path d=\"M528.1 171.5L382 150.2 316.7 17.8c-11.7-23.6-45.6-23.9-57.4 0L194 150.2 47.9 171.5c-26.2 3.8-36.7 36.1-17.7 54.6l105.7 103-25 145.5c-4.5 26.3 23.2 46 46.4 33.7L288 439.6l130.7 68.7c23.2 12.2 50.9-7.4 46.4-33.7l-25-145.5 105.7-103c19-18.5 8.5-50.8-17.7-54.6zM388.6 312.3l23.7 138.4L288 385.4l-124.3 65.3 23.7-138.4-100.6-98 139-20.2 62.2-126 62.2 126 139 20.2-100.6 98z\"><\/path><\/svg>\t\t\t\t<\/span>\n\t\t\t<\/div>\n\t\t\t\n\t\t\t\t\t\t<div class=\"elementor-icon-box-content\">\n\n\t\t\t\t\t\t\t\t\t<h2 class=\"elementor-icon-box-title\">\n\t\t\t\t\t\t<span  >\n\t\t\t\t\t\t\tNosotros\t\t\t\t\t\t<\/span>\n\t\t\t\t\t<\/h2>\n\t\t\t\t\n\t\t\t\t\t\t\t\t\t<p class=\"elementor-icon-box-description\">\n\t\t\t\t\t\tEn Grupo Olodumare , nos enorgullece ser portadores de la autenticidad y excelencia del g\u00e9nero norte\u00f1o. Somos un grupo de m\u00fasicos apasionados que se unen con el compromiso de elevar la experiencia musical a nuevas alturas a trav\u00e9s de la riqueza y la destreza del norte\u00f1o.\nNos distinguimos por la calidad excepcional de nuestra m\u00fasica, fusionando la tradici\u00f3n arraigada en nuestras ra\u00edces con un enfoque innovador. \n\t\t\t\t\t<\/p>\n\t\t\t\t\n\t\t\t<\/div>\n\t\t\t\n\t\t<\/div>\n\t\t\t\t\t\t<\/div>\n\t\t\t\t<\/div>\n\t\t\t\t<\/div>\n\t\t<div class=\"elementor-element elementor-element-9edcc8a e-flex e-con-boxed e-con e-parent\" data-id=\"9edcc8a\" data-element_type=\"container\">\n\t\t\t\t\t<div class=\"e-con-inner\">\n\t\t\t\t<div class=\"elementor-element elementor-element-a4ee3e8 elementor-widget elementor-widget-spacer\" data-id=\"a4ee3e8\" data-element_type=\"widget\" data-widget_type=\"spacer.default\">\n\t\t\t\t<div class=\"elementor-widget-container\">\n\t\t\t\t\t\t\t<div class=\"elementor-spacer\">\n\t\t\t<div class=\"elementor-spacer-inner\"><\/div>\n\t\t<\/div>\n\t\t\t\t\t\t<\/div>\n\t\t\t\t<\/div>\n\t\t\t\t\t<\/div>\n\t\t\t\t<\/div>\n\t\t<div class=\"elementor-element elementor-element-e985beb e-flex e-con-boxed e-con e-parent\" data-id=\"e985beb\" data-element_type=\"container\">\n\t\t\t\t\t<div class=\"e-con-inner\">\n\t\t\t\t<div class=\"elementor-element elementor-element-7899192 elementor-widget elementor-widget-video\" data-id=\"7899192\" data-element_type=\"widget\" data-settings=\"{&quot;youtube_url&quot;:&quot;https:\\\/\\\/youtu.be\\\/FCSfrhhBfQA?si=1PJf1ktw8uXfeU1W&quot;,&quot;video_type&quot;:&quot;youtube&quot;,&quot;controls&quot;:&quot;yes&quot;}\" data-widget_type=\"video.default\">\n\t\t\t\t<div class=\"elementor-widget-container\">\n\t\t\t\t\t\t\t<div class=\"elementor-wrapper elementor-open-inline\">\n\t\t\t<div class=\"elementor-video\"><\/div>\t\t<\/div>\n\t\t\t\t\t\t<\/div>\n\t\t\t\t<\/div>\n\t\t\t\t\t<\/div>\n\t\t\t\t<\/div>\n\t\t<div class=\"elementor-element elementor-element-1909dc3 e-flex e-con-boxed e-con e-parent\" data-id=\"1909dc3\" data-element_type=\"container\">\n\t\t\t\t\t<div class=\"e-con-inner\">\n\t\t\t\t<div class=\"elementor-element elementor-element-69c6b9a elementor-widget__width-initial elementor-widget-tablet__width-inherit elementor-widget elementor-widget-heading\" data-id=\"69c6b9a\" data-element_type=\"widget\" data-widget_type=\"heading.default\">\n\t\t\t\t<div class=\"elementor-widget-container\">\n\t\t\t\t\t<h3 class=\"elementor-heading-title elementor-size-default\"><a href=\"https:\/\/api.whatsapp.com\/send?phone=+525581475974&#038;text=%C2%A1Hola%20que%20tal%20!%20Quisiera%20Informes%20Sobre%20El%20Norte%C3%B1o%20\">\u00a1\u00a1Somos La Mejor Opcion Para Tu Evento!!<\/a><\/h3>\t\t\t\t<\/div>\n\t\t\t\t<\/div>\n\t\t\t\t<div class=\"elementor-element elementor-element-10caeac elementor-widget elementor-widget-text-editor\" data-id=\"10caeac\" data-element_type=\"widget\" data-widget_type=\"text-editor.default\">\n\t\t\t\t<div class=\"elementor-widget-container\">\n\t\t\t\t\t\t\t\t\t<p>Haz tu contratacion , contamos con una OFERTA DEL MES no te la pierdas y agenda tu evento con nostros\u00a0<\/p>\t\t\t\t\t\t\t\t<\/div>\n\t\t\t\t<\/div>\n\t\t\t\t<div class=\"elementor-element elementor-element-d357fd5 elementor-tablet-align-left elementor-mobile-align-center elementor-align-center elementor-widget elementor-widget-button\" data-id=\"d357fd5\" data-element_type=\"widget\" data-widget_type=\"button.default\">\n\t\t\t\t<div class=\"elementor-widget-container\">\n\t\t\t\t\t\t\t\t\t<div class=\"elementor-button-wrapper\">\n\t\t\t\t\t<a class=\"elementor-button elementor-button-link elementor-size-sm\" href=\"https:\/\/wa.link\/6h5ijy\">\n\t\t\t\t\t\t<span class=\"elementor-button-content-wrapper\">\n\t\t\t\t\t\t<span class=\"elementor-button-icon\">\n\t\t\t\t<svg aria-hidden=\"true\" class=\"e-font-icon-svg e-far-check-circle\" viewBox=\"0 0 512 512\" xmlns=\"http:\/\/www.w3.org\/2000\/svg\"><path d=\"M256 8C119.033 8 8 119.033 8 256s111.033 248 248 248 248-111.033 248-248S392.967 8 256 8zm0 48c110.532 0 200 89.451 200 200 0 110.532-89.451 200-200 200-110.532 0-200-89.451-200-200 0-110.532 89.451-200 200-200m140.204 130.267l-22.536-22.718c-4.667-4.705-12.265-4.736-16.97-.068L215.346 303.697l-59.792-60.277c-4.667-4.705-12.265-4.736-16.97-.069l-22.719 22.536c-4.705 4.667-4.736 12.265-.068 16.971l90.781 91.516c4.667 4.705 12.265 4.736 16.97.068l172.589-171.204c4.704-4.668 4.734-12.266.067-16.971z\"><\/path><\/svg>\t\t\t<\/span>\n\t\t\t\t\t\t\t\t\t<span class=\"elementor-button-text\">COTIZAR<\/span>\n\t\t\t\t\t<\/span>\n\t\t\t\t\t<\/a>\n\t\t\t\t<\/div>\n\t\t\t\t\t\t\t\t<\/div>\n\t\t\t\t<\/div>\n\t\t\t\t\t<\/div>\n\t\t\t\t<\/div>\n\t\t<div class=\"elementor-element elementor-element-1019baa e-flex e-con-boxed e-con e-parent\" data-id=\"1019baa\" data-element_type=\"container\">\n\t\t\t\t\t<div class=\"e-con-inner\">\n\t\t<div class=\"elementor-element elementor-element-2fadc89 e-flex e-con-boxed e-con e-child\" data-id=\"2fadc89\" data-element_type=\"container\" data-settings=\"{&quot;background_background&quot;:&quot;classic&quot;}\">\n\t\t\t\t\t<div class=\"e-con-inner\">\n\t\t<div class=\"elementor-element elementor-element-277b403 e-con-full e-flex e-con e-child\" data-id=\"277b403\" data-element_type=\"container\">\n\t\t<div class=\"elementor-element elementor-element-8404271 e-con-full e-flex e-con e-child\" data-id=\"8404271\" data-element_type=\"container\" data-settings=\"{&quot;background_background&quot;:&quot;classic&quot;}\">\n\t\t\t\t<div class=\"elementor-element elementor-element-483dba4 elementor-view-default elementor-widget elementor-widget-icon\" data-id=\"483dba4\" data-element_type=\"widget\" data-widget_type=\"icon.default\">\n\t\t\t\t<div class=\"elementor-widget-container\">\n\t\t\t\t\t\t\t<div class=\"elementor-icon-wrapper\">\n\t\t\t<div class=\"elementor-icon\">\n\t\t\t<svg aria-hidden=\"true\" class=\"e-font-icon-svg e-far-grin-alt\" viewBox=\"0 0 496 512\" xmlns=\"http:\/\/www.w3.org\/2000\/svg\"><path d=\"M200.3 248c12.4-18.7 15.1-37.3 15.7-56-.5-18.7-3.3-37.3-15.7-56-8-12-25.1-11.4-32.7 0-12.4 18.7-15.1 37.3-15.7 56 .5 18.7 3.3 37.3 15.7 56 8.1 12 25.2 11.4 32.7 0zm128 0c12.4-18.7 15.1-37.3 15.7-56-.5-18.7-3.3-37.3-15.7-56-8-12-25.1-11.4-32.7 0-12.4 18.7-15.1 37.3-15.7 56 .5 18.7 3.3 37.3 15.7 56 8.1 12 25.2 11.4 32.7 0zM248 8C111 8 0 119 0 256s111 248 248 248 248-111 248-248S385 8 248 8zm0 448c-110.3 0-200-89.7-200-200S137.7 56 248 56s200 89.7 200 200-89.7 200-200 200zm105.6-151.4c-25.9 8.3-64.4 13.1-105.6 13.1s-79.6-4.8-105.6-13.1c-9.9-3.1-19.4 5.3-17.7 15.3 7.9 47.2 71.3 80 123.3 80s115.3-32.9 123.3-80c1.6-9.8-7.7-18.4-17.7-15.3z\"><\/path><\/svg>\t\t\t<\/div>\n\t\t<\/div>\n\t\t\t\t\t\t<\/div>\n\t\t\t\t<\/div>\n\t\t\t\t<div class=\"elementor-element elementor-element-d176ee0 elementor-widget elementor-widget-counter\" data-id=\"d176ee0\" data-element_type=\"widget\" data-widget_type=\"counter.default\">\n\t\t\t\t<div class=\"elementor-widget-container\">\n\t\t\t\t\t\t\t<div class=\"elementor-counter\">\n\t\t\t<div class=\"elementor-counter-title\">Musicos Profesionales <\/div>\t\t\t<div class=\"elementor-counter-number-wrapper\">\n\t\t\t\t<span class=\"elementor-counter-number-prefix\"><\/span>\n\t\t\t\t<span class=\"elementor-counter-number\" data-duration=\"2000\" data-to-value=\"3\" data-from-value=\"0\" data-delimiter=\",\">0<\/span>\n\t\t\t\t<span class=\"elementor-counter-number-suffix\"><\/span>\n\t\t\t<\/div>\n\t\t<\/div>\n\t\t\t\t\t\t<\/div>\n\t\t\t\t<\/div>\n\t\t\t\t<\/div>\n\t\t<div class=\"elementor-element elementor-element-cc355ca e-con-full e-flex e-con e-child\" data-id=\"cc355ca\" data-element_type=\"container\" data-settings=\"{&quot;background_background&quot;:&quot;classic&quot;}\">\n\t\t\t\t<div class=\"elementor-element elementor-element-c755b1b elementor-view-default elementor-widget elementor-widget-icon\" data-id=\"c755b1b\" data-element_type=\"widget\" data-widget_type=\"icon.default\">\n\t\t\t\t<div class=\"elementor-widget-container\">\n\t\t\t\t\t\t\t<div class=\"elementor-icon-wrapper\">\n\t\t\t<div class=\"elementor-icon\">\n\t\t\t<svg aria-hidden=\"true\" class=\"e-font-icon-svg e-far-star\" viewBox=\"0 0 576 512\" xmlns=\"http:\/\/www.w3.org\/2000\/svg\"><path d=\"M528.1 171.5L382 150.2 316.7 17.8c-11.7-23.6-45.6-23.9-57.4 0L194 150.2 47.9 171.5c-26.2 3.8-36.7 36.1-17.7 54.6l105.7 103-25 145.5c-4.5 26.3 23.2 46 46.4 33.7L288 439.6l130.7 68.7c23.2 12.2 50.9-7.4 46.4-33.7l-25-145.5 105.7-103c19-18.5 8.5-50.8-17.7-54.6zM388.6 312.3l23.7 138.4L288 385.4l-124.3 65.3 23.7-138.4-100.6-98 139-20.2 62.2-126 62.2 126 139 20.2-100.6 98z\"><\/path><\/svg>\t\t\t<\/div>\n\t\t<\/div>\n\t\t\t\t\t\t<\/div>\n\t\t\t\t<\/div>\n\t\t\t\t<div class=\"elementor-element elementor-element-4f47708 elementor-widget elementor-widget-counter\" data-id=\"4f47708\" data-element_type=\"widget\" data-widget_type=\"counter.default\">\n\t\t\t\t<div class=\"elementor-widget-container\">\n\t\t\t\t\t\t\t<div class=\"elementor-counter\">\n\t\t\t<div class=\"elementor-counter-title\">A\u00f1os De Experiencia<\/div>\t\t\t<div class=\"elementor-counter-number-wrapper\">\n\t\t\t\t<span class=\"elementor-counter-number-prefix\"><\/span>\n\t\t\t\t<span class=\"elementor-counter-number\" data-duration=\"2000\" data-to-value=\"12\" data-from-value=\"0\" data-delimiter=\",\">0<\/span>\n\t\t\t\t<span class=\"elementor-counter-number-suffix\"><\/span>\n\t\t\t<\/div>\n\t\t<\/div>\n\t\t\t\t\t\t<\/div>\n\t\t\t\t<\/div>\n\t\t\t\t<\/div>\n\t\t<div class=\"elementor-element elementor-element-0579b71 e-con-full e-flex e-con e-child\" data-id=\"0579b71\" data-element_type=\"container\" data-settings=\"{&quot;background_background&quot;:&quot;classic&quot;}\">\n\t\t\t\t<div class=\"elementor-element elementor-element-fe8b1d6 elementor-view-default elementor-widget elementor-widget-icon\" data-id=\"fe8b1d6\" data-element_type=\"widget\" data-widget_type=\"icon.default\">\n\t\t\t\t<div class=\"elementor-widget-container\">\n\t\t\t\t\t\t\t<div class=\"elementor-icon-wrapper\">\n\t\t\t<div class=\"elementor-icon\">\n\t\t\t<svg xmlns=\"http:\/\/www.w3.org\/2000\/svg\" viewBox=\"0 0 50 50\"><path d=\"M15.3 50V39.5a1 1 0 0 0-.3-.7L4.7 27.6l-.6-.3-1.8-.4a2.6 2.6 0 0 1-2.2-2.8 2.5 2.5 0 0 1 2.7-2.3c.6 0 1.3-.2 1.7-.7a2.9 2.9 0 0 1 4.1-.2c.4.4.7.8.8 1.3.1.5.4.9.8 1.2L20.5 33l.3.3.7-1.3a6.9 6.9 0 0 1-2.9-3.8l-1.4-.1c-1.7-.3-2.8-2-2.5-3.7l.4-1c.2-.2.2-.6.1-.8-.5-1.4-.6-3-.5-4.5a8.6 8.6 0 0 1 7.1-7.4c2.4-.4 4.8-.4 7.1.1a8.7 8.7 0 0 1 6.4 10.4v.1l-.1.5a3 3 0 0 0 .1 2.1c.7 1.6-.1 3.4-1.6 4.1l-1.2.3c-.5-.1-1 .3-1.1.8a7.2 7.2 0 0 1-2.6 3.1l.6 1.3.3-.2 10.4-9.7.6-.9c.8-2.4 3.3-3 5.1-1.2.5.4 1.1.7 1.8.6 1 0 2 .6 2.3 1.6.5.9.3 2-.5 2.7-.4.4-.9.7-1.5.8a6 6 0 0 0-3.9 2.2 391 391 0 0 1-8.8 9.4c-.3.3-.5.8-.5 1.2v10H15.3zM6 26.7l.3.3 10.3 11c.2.2.4.5.4.9v9.5h16v-9.6c0-.3.1-.5.3-.7l8.9-9.5 1.7-1.9-2.8-2.2-.2.2L30 34.9l-.2.6v6.1l-1.2-1.2a5 5 0 0 0-7-.2l-.2.2-1.2 1.2v-5.9a1 1 0 0 0-.4-.8L9.2 25l-.4-.3-2.8 2zm15.8 11.2 1.2-.5-1.2-1v1.5zm5.2-.5 1.2.5v-1.5l-1.2 1zM22.7 33l-.8 1.5a250.6 250.6 0 0 0 3.2 2.2l2.8-2.2-.7-1.5-.4-.2c-1.2.4-2.5.4-3.8 0l-.3.2zM21 18.8c-1.4.5-1.8 1.1-1.7 2.6l.4 5.2a5.4 5.4 0 0 0 4.9 4.9c2.6.2 5-1.6 5.5-4.2l.4-4.7h-.3c-1.3.3-2.6-.2-3.5-1.3l-.9-1.1c-.8-1-2-1.6-3.3-1.6l-1.5.2zm-4.7 5.5c-.3.5-.2 1.2.2 1.7s1 .7 1.7.6l-.2-3.2c-.8-.1-1.4.3-1.7.9zm15.8-.9-.2 3.2c.7.2 1.4-.2 1.8-.8.3-.5.3-1.2-.1-1.7-.3-.4-.7-.7-1.2-.7h-.3zm-29.5 0c-.5 0-.9.4-1 .9 0 .5.3 1 .8 1l1.9.4.5-.1 2.8-2.3.2-.4c-.1-.7-.8-1.2-1.5-1.1a1 1 0 0 0-.7.3l-.6.6c-.3.5-.9.8-1.6.7h-.8zm39.6-.7c-.1.2-.1.5.1.6l1.4 1.1c.5.4 1 1 1.6 1.2l2.1-.3c.5 0 .9-.5.9-1s-.5-.9-1-.9h-.1c-1.1.2-2.2-.2-2.8-1.2-.2-.3-.6-.4-1-.6-.5.2-1 .6-1.2 1.1zM23.1 12.1a7.2 7.2 0 0 0-7 7.3c0 .9.2 1.7.5 2.6l1.1-.2v-1.1c0-1.1.5-2.1 1.4-2.7a6 6 0 0 1 7.9 1.1l1.1 1.3c.7.8 1.9.8 2.7.1.3-.2.4-.6.5-.9l.1-1H33c.1.9-.1 1.8-.6 2.5l-.2.6 1.2.2.3-1a7 7 0 0 0-6-8.8l-2.2-.1-2.4.1zm1.6 17.7a3.2 3.2 0 0 1-2.9-3V25h6.5l-.2 2.4a3.2 3.2 0 0 1-3.1 2.5l-.3-.1zm.3-1.6c.9 0 1.6-.7 1.6-1.6h-3.2c0 .9.7 1.6 1.6 1.6zM39.7 14c-.4-.4-.7-1-.9-1.6-.4-1.3.1-2.7 1.2-3.5a3.7 3.7 0 0 1 3.9-.5h.9c1.6-.8 3.6-.2 4.6 1.3 1 1.5.7 3.5-.7 4.6L44.3 18a87.8 87.8 0 0 1-4.6-4zm1.1-3.7c-.7.7-.7 1.9 0 2.6l3.5 2.9 3.2-2.7c.9-.6 1.1-1.8.4-2.7l-.1-.1c-.8-.8-2.1-.9-2.9-.2l-.1.1-.5.7-.8-.8c-.4-.3-.8-.5-1.3-.4-.4 0-1 .2-1.4.6zm-39.5 4a3.5 3.5 0 0 1-.7-4.6c1-1.5 3-2 4.6-1.3.3.2.6.2.9 0 1.6-.8 3.6-.2 4.6 1.3 1 1.5.7 3.5-.6 4.6L5.7 18l-4.4-3.7zm.8-3.9a2 2 0 0 0 .2 2.7l.1.1L5.7 16l3.4-3 .5-.7c.3-.8 0-1.7-.7-2.2-.8-.6-1.9-.5-2.6.1l-.7.7-.6-.7c-.4-.3-.9-.5-1.4-.5-.6 0-1.1.2-1.5.7zm26.6-4.1a3.4 3.4 0 0 1-.7-4.6C29 .2 31-.4 32.6.4c.3.2.6.2.9 0 1.6-.8 3.6-.2 4.6 1.3 1 1.5.7 3.5-.7 4.6l-4.2 3.5-.2.1-4.3-3.6zm.8-4a2 2 0 0 0 .2 2.7l.1.1 1.2 1 2.1 1.8 3.2-2.7c.9-.6 1-1.8.4-2.7l-.1-.2c-.8-.8-2.1-.9-2.9-.1l-.5.6-.7-.7a3 3 0 0 0-1.5-.5c-.6 0-1.1.3-1.5.7zM13.3 6.9l-.7-.6c-1.4-1.1-1.7-3.2-.7-4.7s3-2.1 4.6-1.3c.3.2.6.2.9 0C19-.4 21 .1 22 1.6c1 1.5.7 3.5-.7 4.6l-4.2 3.5-.2.1-3.6-2.9zm.1-4.6a2 2 0 0 0 .1 2.7l.1.1 2.8 2.3.5.4 3.2-2.7c.9-.6 1-1.9.4-2.7l-.1-.1c-.8-.8-2.1-.9-2.9-.2l-.7.7-.6-.8c-.4-.3-.9-.5-1.4-.5-.5.1-1 .4-1.4.8z\"><\/path><\/svg>\t\t\t<\/div>\n\t\t<\/div>\n\t\t\t\t\t\t<\/div>\n\t\t\t\t<\/div>\n\t\t\t\t<div class=\"elementor-element elementor-element-b5b3149 elementor-widget elementor-widget-counter\" data-id=\"b5b3149\" data-element_type=\"widget\" data-widget_type=\"counter.default\">\n\t\t\t\t<div class=\"elementor-widget-container\">\n\t\t\t\t\t\t\t<div class=\"elementor-counter\">\n\t\t\t<div class=\"elementor-counter-title\">Eventos Realizados<\/div>\t\t\t<div class=\"elementor-counter-number-wrapper\">\n\t\t\t\t<span class=\"elementor-counter-number-prefix\"><\/span>\n\t\t\t\t<span class=\"elementor-counter-number\" data-duration=\"2000\" data-to-value=\"1000\" data-from-value=\"0\" data-delimiter=\",\">0<\/span>\n\t\t\t\t<span class=\"elementor-counter-number-suffix\"><\/span>\n\t\t\t<\/div>\n\t\t<\/div>\n\t\t\t\t\t\t<\/div>\n\t\t\t\t<\/div>\n\t\t\t\t<\/div>\n\t\t\t\t<\/div>\n\t\t\t\t\t<\/div>\n\t\t\t\t<\/div>\n\t\t\t\t\t<\/div>\n\t\t\t\t<\/div>\n\t\t<div class=\"elementor-element elementor-element-0515711 e-flex e-con-boxed e-con e-parent\" data-id=\"0515711\" data-element_type=\"container\" data-settings=\"{&quot;background_background&quot;:&quot;classic&quot;}\">\n\t\t\t\t\t<div class=\"e-con-inner\">\n\t\t<div class=\"elementor-element elementor-element-9a37ddf e-flex e-con-boxed e-con e-child\" data-id=\"9a37ddf\" data-element_type=\"container\" data-settings=\"{&quot;background_background&quot;:&quot;classic&quot;}\">\n\t\t\t\t\t<div class=\"e-con-inner\">\n\t\t<div class=\"elementor-element elementor-element-a1d71c7 e-flex e-con-boxed e-con e-child\" data-id=\"a1d71c7\" data-element_type=\"container\" data-settings=\"{&quot;background_background&quot;:&quot;classic&quot;}\">\n\t\t\t\t\t<div class=\"e-con-inner\">\n\t\t\t\t<div class=\"elementor-element elementor-element-5aa11cc elementor-widget elementor-widget-heading\" data-id=\"5aa11cc\" data-element_type=\"widget\" data-widget_type=\"heading.default\">\n\t\t\t\t<div class=\"elementor-widget-container\">\n\t\t\t\t\t<h5 class=\"elementor-heading-title elementor-size-default\">GRUPO OLODUMARE<\/h5>\t\t\t\t<\/div>\n\t\t\t\t<\/div>\n\t\t\t\t<div class=\"elementor-element elementor-element-3e82258 elementor-widget elementor-widget-image\" data-id=\"3e82258\" data-element_type=\"widget\" data-widget_type=\"image.default\">\n\t\t\t\t<div class=\"elementor-widget-container\">\n\t\t\t\t\t\t\t\t\t\t\t\t\t\t\t\t<a href=\"https:\/\/wa.link\/6h5ijy\">\n\t\t\t\t\t\t\t<img fetchpriority=\"high\" decoding=\"async\" width=\"1024\" height=\"364\" src=\"https:\/\/grupomarimbamxhg.com\/wp-content\/uploads\/2024\/01\/BOTON-WHATSAPP-1024x364.png\" class=\"attachment-large size-large wp-image-978\" alt=\"\" srcset=\"https:\/\/grupomarimbamxhg.com\/wp-content\/uploads\/2024\/01\/BOTON-WHATSAPP-1024x364.png 1024w, https:\/\/grupomarimbamxhg.com\/wp-content\/uploads\/2024\/01\/BOTON-WHATSAPP-300x107.png 300w, https:\/\/grupomarimbamxhg.com\/wp-content\/uploads\/2024\/01\/BOTON-WHATSAPP-768x273.png 768w, https:\/\/grupomarimbamxhg.com\/wp-content\/uploads\/2024\/01\/BOTON-WHATSAPP.png 1068w\" sizes=\"(max-width: 1024px) 100vw, 1024px\" \/>\t\t\t\t\t\t\t\t<\/a>\n\t\t\t\t\t\t\t\t\t\t\t\t\t\t\t<\/div>\n\t\t\t\t<\/div>\n\t\t\t\t\t<\/div>\n\t\t\t\t<\/div>\n\t\t\t\t\t<\/div>\n\t\t\t\t<\/div>\n\t\t\t\t\t<\/div>\n\t\t\t\t<\/div>\n\t\t\t\t<\/div>\n\t\t","protected":false},"excerpt":{"rendered":"<p>EXCELENTE CALIDAD Nos comprometemos a ofrecer una calidad excepcional en cada aspecto de nuestros servicios. Pago seguro Realiza tu contratcion y el pago se realiza al termino de tu evento Amplio Repertorio Contamos con un excelente amplio repertorio para armonizar cualquier tipo de evento Nosotros En Grupo Olodumare , nos enorgullece ser portadores de la [&hellip;]<\/p>\n","protected":false},"author":1,"featured_media":0,"parent":0,"menu_order":0,"comment_status":"closed","ping_status":"closed","template":"","meta":{"footnotes":"","_joinchat":[]},"blocksy_meta":[],"_links":{"self":[{"href":"https:\/\/grupomarimbamxhg.com\/index.php\/wp-json\/wp\/v2\/pages\/1418"}],"collection":[{"href":"https:\/\/grupomarimbamxhg.com\/index.php\/wp-json\/wp\/v2\/pages"}],"about":[{"href":"https:\/\/grupomarimbamxhg.com\/index.php\/wp-json\/wp\/v2\/types\/page"}],"author":[{"embeddable":true,"href":"https:\/\/grupomarimbamxhg.com\/index.php\/wp-json\/wp\/v2\/users\/1"}],"replies":[{"embeddable":true,"href":"https:\/\/grupomarimbamxhg.com\/index.php\/wp-json\/wp\/v2\/comments?post=1418"}],"version-history":[{"count":20,"href":"https:\/\/grupomarimbamxhg.com\/index.php\/wp-json\/wp\/v2\/pages\/1418\/revisions"}],"predecessor-version":[{"id":1458,"href":"https:\/\/grupomarimbamxhg.com\/index.php\/wp-json\/wp\/v2\/pages\/1418\/revisions\/1458"}],"wp:attachment":[{"href":"https:\/\/grupomarimbamxhg.com\/index.php\/wp-json\/wp\/v2\/media?parent=1418"}],"curies":[{"name":"wp","href":"https:\/\/api.w.org\/{rel}","templated":true}]}}